{"id":75,"date":"2021-10-28T17:15:26","date_gmt":"2021-10-28T17:15:26","guid":{"rendered":"https:\/\/www.kioskshopberlin.de\/?page_id=75"},"modified":"2023-03-08T12:34:58","modified_gmt":"2023-03-08T12:34:58","slug":"home","status":"publish","type":"page","link":"https:\/\/www.kioskshopberlin.de\/english\/","title":{"rendered":"Home"},"content":{"rendered":"<p>[et_pb_section fb_built=&#8220;1&#8243; admin_label=&#8220;section&#8220; _builder_version=&#8220;4.14.1&#8243; background_color=&#8220;RGBA(255,255,255,0)&#8220; global_colors_info=&#8220;{}&#8220;][et_pb_row custom_padding_last_edited=&#8220;on|phone&#8220; admin_label=&#8220;row&#8220; _builder_version=&#8220;4.14.2&#8243; background_color=&#8220;#FFFFFF&#8220; background_size=&#8220;initial&#8220; background_position=&#8220;top_left&#8220; background_repeat=&#8220;repeat&#8220; width_tablet=&#8220;100%&#8220; width_phone=&#8220;100%&#8220; width_last_edited=&#8220;on|phone&#8220; module_alignment=&#8220;center&#8220; custom_margin=&#8220;|0px||0px|false|false&#8220; custom_padding=&#8220;60px|0px|60px|0px|false|false&#8220; custom_padding_tablet=&#8220;24px|0px|60px|0px|false|false&#8220; custom_padding_phone=&#8220;24px|0px|60px|0px|false|false&#8220; global_colors_info=&#8220;{}&#8220;][et_pb_column type=&#8220;4_4&#8243; _builder_version=&#8220;3.25&#8243; custom_padding=&#8220;|||&#8220; global_colors_info=&#8220;{}&#8220; custom_padding__hover=&#8220;|||&#8220;][et_pb_blurb _builder_version=&#8220;4.14.2&#8243; _module_preset=&#8220;default&#8220; global_colors_info=&#8220;{}&#8220;]<\/p>\n<p style=\"font-weight: 400;\"><strong>Ein neues Leben f\u00fcr den \u00bbKioskShop berlin (KSb)\u00ab<\/strong><\/p>\n<p style=\"font-weight: 400;\">Aus einem elfj\u00e4hrigen Dornr\u00f6sschenschlaf ist der \u00bbKioskShop\u00ab wieder seit November 2021 zu einem neuen Leben erwacht. Nun ist er Bestandteil der Galerie\u00a0<a href=\"https:\/\/www.semjoncontemporary.com\/2022\/\">Semjon Contemporary<\/a>.<\/p>\n<p style=\"font-weight: 400;\">Beide r\u00e4umlich zusammengeh\u00f6rigen Ladeneinheiten haben mit Semjon H. N. Semjon zu tun. Der KioskShop als ein ortspezifisches Kunstwerk des K\u00fcnstlers Semjon und Semjon Contemporary als der Ausstellungs- und Kommunikationsort des Galeristen Semjon.<\/p>\n<p style=\"font-weight: 400;\">\n<p style=\"font-weight: 400;\"><strong>\u00bbKioskShop berlin (KSb)\u00ab von Semjon H. N. Semjon<\/strong><\/p>\n<p style=\"font-weight: 400;\">Von Dezember 2000 bis zum Fr\u00fchjahr 2010 hat der in Berlin lebende K\u00fcnstler Semjon H.N. Semjon mit seinem einmaligen k\u00fcnstlerischen Langzeitprojekt \u00bbKioskShop berlin (KSb)\u00ab den Einzelhandel mit der Kunstwelt auf einzigartige Weise miteinander verbunden. Seit seiner offiziellen Er\u00f6ffnung im Oktober 2001 haben unz\u00e4hlige Besucher den \u00bbKioskShop\u00ab in der Schr\u00f6derstra\u00dfe 1 in Berlin-Mitte besucht.<\/p>\n<p style=\"font-weight: 400;\">Nach einem elfj\u00e4hrigen Dornr\u00f6schenschlaf hinter vorgebauten W\u00e4nden wurde er f\u00fcr einen kurzen Zeitraum in die Wirklichkeit zur\u00fcckgeholt, denn der Mietvertrag wurde durch die Nicolas Berggruen Holdings zum 31.12.2021 gek\u00fcndigt. Es sah aus, als w\u00fcrde der \u00bbKioskShop\u00ab nur noch ein kurzes Leben am angestammten Ort haben.<\/p>\n<p style=\"font-weight: 400;\">Mit der Unterzeichnung des neuen Mietvertrags am 1. M\u00e4rz 2022 sind jedoch die Weichen gestellt, dass er f\u00fcr weitere 5 Jahre bleiben kann.<\/p>\n<p style=\"font-weight: 400;\">Semjon hat sich entschlossen, den \u00bbKioskShop\u00ab nicht wieder einzubauen. Er wird sich nun in den n\u00e4chsten Jahren selbst behaupten m\u00fcssen.<\/p>\n<p style=\"font-weight: 400;\">Semjon H. N. Semjon<br \/>(Oktober 2021)<\/p>\n<p style=\"font-weight: 400;\">\n<p style=\"font-weight: 400;\">[\/et_pb_blurb][\/et_pb_column][\/et_pb_row][\/et_pb_section]<\/p>\n","protected":false},"excerpt":{"rendered":"<p>Ein neues Leben f\u00fcr den \u00bbKioskShop berlin (KSb)\u00ab Aus einem elfj\u00e4hrigen Dornr\u00f6sschenschlaf ist der \u00bbKioskShop\u00ab wieder seit November 2021 zu einem neuen Leben erwacht. Nun ist er Bestandteil der Galerie\u00a0Semjon Contemporary. Beide r\u00e4umlich zusammengeh\u00f6rigen Ladeneinheiten haben mit Semjon H. N. Semjon zu tun. Der KioskShop als ein ortspezifisches Kunstwerk des K\u00fcnstlers Semjon und Semjon Contemporary [&hellip;]<\/p>\n","protected":false},"author":1,"featured_media":0,"parent":0,"menu_order":0,"comment_status":"closed","ping_status":"closed","template":"","meta":{"_acf_changed":false,"_et_pb_use_builder":"on","_et_pb_old_content":"\u00bbKioskShop berlin (KSb)\u00ab by Semjon H. N. Semjon Semjon H. N. Semjon has been running his gallery Semjon Contemporary in Berlin-Mitte for the last 10 years while having an artistical break (sabbatical).\u2028\u2028 On occasion of the termination of his 21 and 10 years old leases for his two storefronts by the end of the year through Berggruen Holdings, Semjon decided to dismantle his major artwork \u00bbKioskShop berlin (KSb)\u00ab which has been hidden behind walls since 2010 after 10 years of public presence. The reopening of \u00bbKioskShop\u00ab will take place Friday November 5, from 7 \u2013 9.30 pm.\u2028\u2028 Semjon has to follow several strategies to make sure that \u00bbKioskShop\u00ab and also his gallery will survive at its historic location. Most of all he should convince the art collector at large and philanthropist, Nicolas Berggruen, to rescue the artwork by allowing Semjon to keep the lease. Since it\u2019s his building he can correct previous decisions.\u2028\u2028 For more information, please refer to this <strong><a href=\"https:\/\/www.kioskshopberlin.de\/wp-content\/uploads\/2021\/10\/KSb_2021_textimages_2021-10-19.pdf\">PDF<\/a>.<\/strong> \u00a0 <em>Please note this website is still under construction.<\/em>","_et_gb_content_width":"","footnotes":""},"class_list":["post-75","page","type-page","status-publish","hentry"],"acf":[],"_links":{"self":[{"href":"https:\/\/www.kioskshopberlin.de\/english\/wp-json\/wp\/v2\/pages\/75","targetHints":{"allow":["GET"]}}],"collection":[{"href":"https:\/\/www.kioskshopberlin.de\/english\/wp-json\/wp\/v2\/pages"}],"about":[{"href":"https:\/\/www.kioskshopberlin.de\/english\/wp-json\/wp\/v2\/types\/page"}],"author":[{"embeddable":true,"href":"https:\/\/www.kioskshopberlin.de\/english\/wp-json\/wp\/v2\/users\/1"}],"replies":[{"embeddable":true,"href":"https:\/\/www.kioskshopberlin.de\/english\/wp-json\/wp\/v2\/comments?post=75"}],"version-history":[{"count":76,"href":"https:\/\/www.kioskshopberlin.de\/english\/wp-json\/wp\/v2\/pages\/75\/revisions"}],"predecessor-version":[{"id":1457,"href":"https:\/\/www.kioskshopberlin.de\/english\/wp-json\/wp\/v2\/pages\/75\/revisions\/1457"}],"wp:attachment":[{"href":"https:\/\/www.kioskshopberlin.de\/english\/wp-json\/wp\/v2\/media?parent=75"}],"curies":[{"name":"wp","href":"https:\/\/api.w.org\/{rel}","templated":true}]}}