{"id":78,"date":"2021-10-28T17:17:20","date_gmt":"2021-10-28T17:17:20","guid":{"rendered":"https:\/\/www.kioskshopberlin.de\/?page_id=78"},"modified":"2022-03-02T13:29:33","modified_gmt":"2022-03-02T13:29:33","slug":"about","status":"publish","type":"page","link":"https:\/\/www.kioskshopberlin.de\/english\/about\/","title":{"rendered":"About"},"content":{"rendered":"<p>[et_pb_section fb_built=&#8220;1&#8243; admin_label=&#8220;section&#8220; _builder_version=&#8220;3.22&#8243; global_colors_info=&#8220;{}&#8220;][et_pb_row admin_label=&#8220;row&#8220; _builder_version=&#8220;3.25&#8243; background_size=&#8220;initial&#8220; background_position=&#8220;top_left&#8220; background_repeat=&#8220;repeat&#8220; global_colors_info=&#8220;{}&#8220;][et_pb_column type=&#8220;4_4&#8243; _builder_version=&#8220;3.25&#8243; custom_padding=&#8220;|||&#8220; global_colors_info=&#8220;{}&#8220; custom_padding__hover=&#8220;|||&#8220;][et_pb_text admin_label=&#8220;Text&#8220; _builder_version=&#8220;4.14.2&#8243; background_size=&#8220;initial&#8220; background_position=&#8220;top_left&#8220; background_repeat=&#8220;repeat&#8220; hover_enabled=&#8220;0&#8243; global_colors_info=&#8220;{}&#8220; sticky_enabled=&#8220;0&#8243;]<\/p>\n<p>Von Dezember 2000 bis zum Fr\u00fchjahr 2010 hat der in Berlin lebende K\u00fcnstler Semjon H.N. Semjon mit seinem einmaligen k\u00fcnstlerischen Langzeitprojekt \u00bbKioskShop berlin (KSb)\u00ab den Einzelhandel mit der Kunstwelt auf einzigartige Weise miteinander verbunden. Seit seiner offiziellen Er\u00f6ffnung im Oktober 2001 haben rund 7.000 Besucher den \u00bbKioskShop\u00ab in der Schr\u00f6derstra\u00dfe 1 in Berlin-Mitte besucht.<\/p>\n<p>Nach einem elfj\u00e4hrigen Dornr\u00f6schenschlaf hinter vorgebauten W\u00e4nden wurde er f\u00fcr einen kurzen Zeitraum in die Wirklichkeit zur\u00fcckgeholt, denn der Mietvertrag wurde durch die Nicolas Berggruen Holdings zum 31.12.2021 gek\u00fcndigt. Es sah aus, als w\u00fcrde der \u00bbKioskShop\u00ab nur noch ein kurzes Leben am angestammten Ort haben.<\/p>\n<p>Mit der Unterzeichnung des neuen Mietvertrags am 1. M\u00e4rz 2022 sind jedoch die Weichen gestellt, dass er f\u00fcr weitere 5 Jahre bleiben kann. Dann muss er aber raus, so der Vertrag. Was aber in 5 Jahren ist, mag niemand vorauszusagen. \u00a0Wie wir gerade erleben: Die Welt wird nicht mehr die sein, wie sie heute noch ist, vor allem gestern war.<\/p>\n<p>Semjon hat sich entschlossen, den \u00bbKioskShop\u00ab nicht wieder einzubauen. Er wird sich nun in den n\u00e4chsten Jahren selbst behaupten m\u00fcssen.\u00a0Das Schicksal scheint bestimmt zu haben, dass die Dualit\u00e4t von Galerist und K\u00fcnstler kein Handikap, sondern eine positive Herausforderung ist.<\/p>\n<p>Es muss deshalb eine L\u00f6sung gefunden werden, wie die Galeriearbeit weiter intensiv \u00a0betrieben werden kann, nimmt der \u00bbKioskShop\u00ab doch ein Drittel der bisherigen Ausstellungsfl\u00e4che von Semjon Contemporary ein. Semjon arbeitet an einer L\u00f6sung, um \u201aseinen\u2018 Galeriek\u00fcnstler:innen die beste M\u00f6glichkeit zu geben, weiterhin gut sichtbar zu sein. Bleiben Sie uns wohl gesonnen, oder werden Sie es jetzt und zuk\u00fcnftig! <\/p>\n<p>Semjon H. N. Semjon<br \/>(Oktober 2021 und 2.3.2022)<\/p>\n<p>&nbsp;<\/p>\n<p>.<\/p>\n<p>[\/et_pb_text][\/et_pb_column][\/et_pb_row][\/et_pb_section]<\/p>\n","protected":false},"excerpt":{"rendered":"<p>Von Dezember 2000 bis zum Fr\u00fchjahr 2010 hat der in Berlin lebende K\u00fcnstler Semjon H.N. Semjon mit seinem einmaligen k\u00fcnstlerischen Langzeitprojekt \u00bbKioskShop berlin (KSb)\u00ab den Einzelhandel mit der Kunstwelt auf einzigartige Weise miteinander verbunden. Seit seiner offiziellen Er\u00f6ffnung im Oktober 2001 haben rund 7.000 Besucher den \u00bbKioskShop\u00ab in der Schr\u00f6derstra\u00dfe 1 in Berlin-Mitte besucht. Nach [&hellip;]<\/p>\n","protected":false},"author":1,"featured_media":0,"parent":0,"menu_order":0,"comment_status":"closed","ping_status":"closed","template":"","meta":{"_acf_changed":false,"_et_pb_use_builder":"on","_et_pb_old_content":"Von Dezember 2000 bis zum Fr\u00fchjahr 2010 hat der in Berlin lebende K\u00fcnstler Semjon H.N. Semjon mit seinem einmaligen k\u00fcnstlerischen Langzeitprojekt \"KioskShop berlin (KSb)\" den Einzelhandel mit der Kunstwelt auf einzigartige Weise mit miteinander verbunden. Seit seiner offiziellen Er\u00f6ffnung im Oktober 2001 haben rund 7.000 Besucher den \"KioskShop\" besucht.\r\nNun ist er wieder nach einem elfj\u00e4hrigen Dornr\u00f6schenschlaf f\u00fcr einen kurzen Zeitraum in die Wirklichkeit zur\u00fcckgeholt worden. Vielleicht ein letztes Mal, weil sein \u00dcberleben akut bedroht ist.","_et_gb_content_width":"","footnotes":""},"class_list":["post-78","page","type-page","status-publish","hentry"],"acf":[],"_links":{"self":[{"href":"https:\/\/www.kioskshopberlin.de\/english\/wp-json\/wp\/v2\/pages\/78","targetHints":{"allow":["GET"]}}],"collection":[{"href":"https:\/\/www.kioskshopberlin.de\/english\/wp-json\/wp\/v2\/pages"}],"about":[{"href":"https:\/\/www.kioskshopberlin.de\/english\/wp-json\/wp\/v2\/types\/page"}],"author":[{"embeddable":true,"href":"https:\/\/www.kioskshopberlin.de\/english\/wp-json\/wp\/v2\/users\/1"}],"replies":[{"embeddable":true,"href":"https:\/\/www.kioskshopberlin.de\/english\/wp-json\/wp\/v2\/comments?post=78"}],"version-history":[{"count":13,"href":"https:\/\/www.kioskshopberlin.de\/english\/wp-json\/wp\/v2\/pages\/78\/revisions"}],"predecessor-version":[{"id":1350,"href":"https:\/\/www.kioskshopberlin.de\/english\/wp-json\/wp\/v2\/pages\/78\/revisions\/1350"}],"wp:attachment":[{"href":"https:\/\/www.kioskshopberlin.de\/english\/wp-json\/wp\/v2\/media?parent=78"}],"curies":[{"name":"wp","href":"https:\/\/api.w.org\/{rel}","templated":true}]}}